{"id":485326,"date":"2026-03-04T17:45:27","date_gmt":"2026-03-04T15:45:27","guid":{"rendered":"https:\/\/bonbonshoes.eu\/product\/pedro-garcia-shoes-2\/"},"modified":"2026-04-04T03:59:42","modified_gmt":"2026-04-04T00:59:42","slug":"pedro-garcia-shoes-2","status":"publish","type":"product","link":"https:\/\/bonbonshoes.eu\/en\/product\/pedro-garcia-shoes-2\/","title":{"rendered":"PEDRO GARCIA shoes"},"content":{"rendered":"<p style=\"text-align: justify\"><span style=\"color: #000000;font-family: Montserrat;font-size: 14pt;line-height: 1.38\">Founded 100 years ago, the family business PEDRO GARCIA has been handed down and developed from generation to generation. All the shoes are produced in the company&#8217;s factory in the Alicante region, which is known in Spain for its direct tradition of ancient shoemaking. Combining the creative talent of the designer and the skilled hands of the craftsmen, each PEDRO GARCIA model is carefully worked on until the perfect aesthetic and functional solution is found. This ensures quality, comfort and sustainability in models that are always up to date. The shoes are characterised by soft leathers and leather insoles, natural colours, rubber and cork soles, and certified Swarovski crystals for elegance and femininity.<\/span><\/p>\n<p style=\"background-color: #ffffff;color: #333333;font-family: Arial;font-size: 13pt;font-style: normal;font-weight: normal;line-height: 1.1\"><\/p>\n","protected":false},"excerpt":{"rendered":"<p>\u2022 Bronz\u012bga \u0101da<br \/>\n\u2022 Anatomisk\u0101 zol\u012bte, p\u0101rvilkta ar \u0101du<br \/>\n\u2022 Pap\u0113\u017ea augstums 3 cm<br \/>\n\u2022 \u0100das zole ar pretsl\u012bd\u0113\u0161anas TPU uzga\u013ciem<br \/>\n\u2022 Atbilst form\u0101m<br \/>\n\u2022 Iepakojum\u0101 ar tekstila maisi\u0146u uzglab\u0101\u0161anai<br \/>\n\u2022 Ra\u017eots Sp\u0101nij\u0101<\/p>\n","protected":false},"featured_media":485328,"template":"","meta":[],"product_brand":[],"product_cat":[534,842,272,741],"product_tag":[921,921,857],"class_list":{"0":"post-485326","1":"product","2":"type-product","3":"status-publish","4":"has-post-thumbnail","6":"product_cat-loafers","7":"product_cat-sale-sale","8":"product_cat-shoes","9":"product_cat-womens","10":"product_tag-sieviesu","12":"product_tag-womens","13":"pa_izmers-36-5","14":"pa_izmers-568","15":"pa_izmers-37-5","16":"pa_izmers-573","17":"pa_izmers-38-5","18":"pa_izmers-575","19":"pa_izmers-39-5","20":"pa_izmers-577","21":"pa_izmers-40-5","22":"pa_izmers-579","23":"pa_materials-ada","24":"pa_zimols-pedro-garcia","26":"first","27":"outofstock","28":"taxable","29":"shipping-taxable","30":"product-type-variable"},"_links":{"self":[{"href":"https:\/\/bonbonshoes.eu\/en\/wp-json\/wp\/v2\/product\/485326","targetHints":{"allow":["GET"]}}],"collection":[{"href":"https:\/\/bonbonshoes.eu\/en\/wp-json\/wp\/v2\/product"}],"about":[{"href":"https:\/\/bonbonshoes.eu\/en\/wp-json\/wp\/v2\/types\/product"}],"wp:featuredmedia":[{"embeddable":true,"href":"https:\/\/bonbonshoes.eu\/en\/wp-json\/wp\/v2\/media\/485328"}],"wp:attachment":[{"href":"https:\/\/bonbonshoes.eu\/en\/wp-json\/wp\/v2\/media?parent=485326"}],"wp:term":[{"taxonomy":"product_brand","embeddable":true,"href":"https:\/\/bonbonshoes.eu\/en\/wp-json\/wp\/v2\/product_brand?post=485326"},{"taxonomy":"product_cat","embeddable":true,"href":"https:\/\/bonbonshoes.eu\/en\/wp-json\/wp\/v2\/product_cat?post=485326"},{"taxonomy":"product_tag","embeddable":true,"href":"https:\/\/bonbonshoes.eu\/en\/wp-json\/wp\/v2\/product_tag?post=485326"}],"curies":[{"name":"wp","href":"https:\/\/api.w.org\/{rel}","templated":true}]}}