{"id":485684,"date":"2026-03-04T17:47:35","date_gmt":"2026-03-04T15:47:35","guid":{"rendered":"https:\/\/bonbonshoes.eu\/product\/premiata-sneakers-5\/"},"modified":"2026-04-05T12:06:27","modified_gmt":"2026-04-05T09:06:27","slug":"premiata-sneakers-5","status":"publish","type":"product","link":"https:\/\/bonbonshoes.eu\/en\/product\/premiata-sneakers-5\/","title":{"rendered":"PREMIATA sneakers"},"content":{"rendered":"<p style=\"text-align: justify\"><span style=\"color: #000000;font-family: Montserrat;font-size: 14pt;line-height: 1.38\">For over 100 years, this Italian family-run company has been handcrafting top-quality shoes. In the 1990s, as a new generation took over the company, PREMIATA focused on footwear as an element of fashion and style and on an international business approach. Today, PREMIATA is a well-known brand based on consistently excellent quality and modern design, where the seemingly minimalist style is complemented by eccentric details &#8211; platforms, solid heels, printing, etc. <\/span><\/p>\n<p style=\"line-height: 1.38;text-align: justify\"><span style=\"color: #000000;font-family: Montserrat;font-size: 14pt\">PREMIATA&#8217;s success is based on its ability to create designs and models that go beyond the confines of the fashion industry and to combine tradition and innovation in its production. Brand Manager Graziano Maca always says: <\/span><span style=\"color: #000000;font-family: Montserrat;font-size: 14pt\">\u201c<\/span><span style=\"color: #000000;font-family: Montserrat;font-size: 14pt\">The most difficult thing in making the difference is the skill to do it with the simplest things.<\/span><span style=\"color: #000000;font-family: Montserrat;font-size: 14pt\">\u201d<\/span><\/p>\n","protected":false},"excerpt":{"rendered":"<p>\u2022 Za\u013ca zam\u0161\u0101da kop\u0101 ar tekstilu<br \/>\n\u2022 \u0100das oder\u0113jums<br \/>\n\u2022 \u013boti viegla gumijas zole<br \/>\n\u2022 \u0100das iek\u0161zole<br \/>\n\u2022 Zoles augstums 5,5 cm<br \/>\n\u2022 Atbilst izm\u0113ram<br \/>\n\u2022 Ra\u017eots It\u0101lij\u0101<\/p>\n","protected":false},"featured_media":485686,"template":"","meta":[],"product_brand":[],"product_cat":[863,742,842,755],"product_tag":[859],"class_list":{"0":"post-485684","1":"product","2":"type-product","3":"status-publish","4":"has-post-thumbnail","6":"product_cat-free-style-footwear","7":"product_cat-mens","8":"product_cat-sale-sale","9":"product_cat-sneakers-men","10":"product_tag-mens","11":"pa_izmers-579","12":"pa_izmers-593","13":"pa_izmers-642","14":"pa_izmers-643","15":"pa_izmers-592","16":"pa_izmers-733","17":"pa_materials-ada","18":"pa_zimols-premiata","20":"first","21":"instock","22":"sale","23":"taxable","24":"shipping-taxable","25":"purchasable","26":"product-type-variable"},"_links":{"self":[{"href":"https:\/\/bonbonshoes.eu\/en\/wp-json\/wp\/v2\/product\/485684","targetHints":{"allow":["GET"]}}],"collection":[{"href":"https:\/\/bonbonshoes.eu\/en\/wp-json\/wp\/v2\/product"}],"about":[{"href":"https:\/\/bonbonshoes.eu\/en\/wp-json\/wp\/v2\/types\/product"}],"wp:featuredmedia":[{"embeddable":true,"href":"https:\/\/bonbonshoes.eu\/en\/wp-json\/wp\/v2\/media\/485686"}],"wp:attachment":[{"href":"https:\/\/bonbonshoes.eu\/en\/wp-json\/wp\/v2\/media?parent=485684"}],"wp:term":[{"taxonomy":"product_brand","embeddable":true,"href":"https:\/\/bonbonshoes.eu\/en\/wp-json\/wp\/v2\/product_brand?post=485684"},{"taxonomy":"product_cat","embeddable":true,"href":"https:\/\/bonbonshoes.eu\/en\/wp-json\/wp\/v2\/product_cat?post=485684"},{"taxonomy":"product_tag","embeddable":true,"href":"https:\/\/bonbonshoes.eu\/en\/wp-json\/wp\/v2\/product_tag?post=485684"}],"curies":[{"name":"wp","href":"https:\/\/api.w.org\/{rel}","templated":true}]}}