{"id":492882,"date":"2026-03-04T18:32:45","date_gmt":"2026-03-04T16:32:45","guid":{"rendered":"https:\/\/bonbonshoes.eu\/product\/billi-bi-warm-boots-4\/"},"modified":"2026-04-14T23:58:25","modified_gmt":"2026-04-14T20:58:25","slug":"billi-bi-warm-boots-4","status":"publish","type":"product","link":"https:\/\/bonbonshoes.eu\/en\/product\/billi-bi-warm-boots-4\/","title":{"rendered":"BILLI BI warm boots"},"content":{"rendered":"<p style=\"text-align: justify\"><span style=\"color: #000000;font-family: Montserrat;font-size: 14pt;font-weight: normal;line-height: 1.38;text-decoration: none\">1993. gad\u0101 Kopenh\u0101gen\u0101 dibin\u0101tajam z\u012bmolam Billi Bi ir vair\u0101ku paaud\u017eu pieredze apavu ra\u017eo\u0161an\u0101, un t\u0101 priorit\u0101te ir kvalit\u0101te un \u0113rt\u012bba. Billi Bi apavi rad\u012bti modern\u0101m sieviet\u0113m, kuras sav\u0101s ikdienas gait\u0101s nov\u0113rt\u0113 komfortu un skandin\u0101vu dz\u012bvesstilam un est\u0113tiskajai izj\u016btai rakstur\u012bgo minim\u0101lismu un funkcionalit\u0101ti. <\/span><\/p>\n<p style=\"background-color: #ffffff;color: #333333;font-family: Arial;font-size: 13pt;font-style: normal;font-weight: normal;line-height: 1.1\"><\/p>\n","protected":false},"excerpt":{"rendered":"<p>1993. gad\u0101 Kopenh\u0101gen\u0101 dibin\u0101tajam z\u012bmolam Billi Bi ir vair\u0101ku paaud\u017eu pieredze apavu ra\u017eo\u0161an\u0101, un t\u0101 priorit\u0101te ir kvalit\u0101te un \u0113rt\u012bba. Billi Bi apavi rad\u012bti modern\u0101m sieviet\u0113m, kuras sav\u0101s ikdienas gait\u0101s nov\u0113rt\u0113 komfortu un skandin\u0101vu dz\u012bvesstilam un est\u0113tiskajai izj\u016btai rakstur\u012bgo minim\u0101lismu un funkcionalit\u0101ti.<\/p>\n","protected":false},"featured_media":492884,"template":"","meta":[],"product_brand":[],"product_cat":[818,277,842,700,741],"product_tag":[912,921,921,857],"class_list":{"0":"post-492882","1":"product","2":"type-product","3":"status-publish","4":"has-post-thumbnail","6":"product_cat-aw25-26-new-collection","7":"product_cat-boots","8":"product_cat-sale-sale","9":"product_cat-winter-shoes","10":"product_cat-womens","11":"product_tag-aw25-26-collection","12":"product_tag-sieviesu","14":"product_tag-womens","15":"pa_izmers-568","16":"pa_izmers-573","17":"pa_izmers-575","18":"pa_izmers-577","19":"pa_izmers-579","20":"pa_materials-zamsada","21":"pa_zimols-billi-bi","23":"first","24":"instock","25":"sale","26":"taxable","27":"shipping-taxable","28":"purchasable","29":"product-type-variable"},"_links":{"self":[{"href":"https:\/\/bonbonshoes.eu\/en\/wp-json\/wp\/v2\/product\/492882","targetHints":{"allow":["GET"]}}],"collection":[{"href":"https:\/\/bonbonshoes.eu\/en\/wp-json\/wp\/v2\/product"}],"about":[{"href":"https:\/\/bonbonshoes.eu\/en\/wp-json\/wp\/v2\/types\/product"}],"wp:featuredmedia":[{"embeddable":true,"href":"https:\/\/bonbonshoes.eu\/en\/wp-json\/wp\/v2\/media\/492884"}],"wp:attachment":[{"href":"https:\/\/bonbonshoes.eu\/en\/wp-json\/wp\/v2\/media?parent=492882"}],"wp:term":[{"taxonomy":"product_brand","embeddable":true,"href":"https:\/\/bonbonshoes.eu\/en\/wp-json\/wp\/v2\/product_brand?post=492882"},{"taxonomy":"product_cat","embeddable":true,"href":"https:\/\/bonbonshoes.eu\/en\/wp-json\/wp\/v2\/product_cat?post=492882"},{"taxonomy":"product_tag","embeddable":true,"href":"https:\/\/bonbonshoes.eu\/en\/wp-json\/wp\/v2\/product_tag?post=492882"}],"curies":[{"name":"wp","href":"https:\/\/api.w.org\/{rel}","templated":true}]}}