{"id":712835,"date":"2026-03-10T14:51:38","date_gmt":"2026-03-10T12:51:38","guid":{"rendered":"https:\/\/bonbonshoes.eu\/product\/gianni-chiarini-bag-55\/"},"modified":"2026-04-30T15:27:05","modified_gmt":"2026-04-30T12:27:05","slug":"gianni-chiarini-bag-55","status":"publish","type":"product","link":"https:\/\/bonbonshoes.eu\/en\/product\/gianni-chiarini-bag-55\/","title":{"rendered":"GIANNI CHIARINI bag"},"content":{"rendered":"<p style=\"text-align: justify\"><span style=\"color: #000000;font-family: Montserrat;font-size: 14pt;font-weight: normal;line-height: 1.38;text-decoration: none\">Florenc\u0113 rad\u012bt\u0101 z\u012bmola GIANNI CHIARINI somas izce\u013cas ar izsmalcin\u0101tu vienk\u0101r\u0161\u012bbu. Z\u012bmola m\u016bza ir m\u016bsdienu sieviete: spont\u0101na, dinamiska un daudzpus\u012bga, uzman\u012bga pret modi un ar skaidru v\u012bziju par person\u012bgo stilu, nov\u0113rt\u0113 kvalit\u0101ti, est\u0113tiku un funkcionalit\u0101ti. \u0160\u012bs somas b\u016bs uzticams sabiedrotais ikdienas gait\u0101s un ce\u013cojumos. <\/span><\/p>\n<p style=\"background-color: #ffffff;color: #333333;font-family: Arial;font-size: 13pt;font-style: normal;font-weight: normal;line-height: 1.1\"><\/p>\n","protected":false},"excerpt":{"rendered":"<p>\u2022 Black leather<br \/>\n\u2022 No lining<br \/>\n\u2022 Snap closure<br \/>\n\u2022 One compartment. Comes with a matching pouch<br \/>\n\u2022 Size: 34x38x16 cm<br \/>\n\u2022 Packaged with a fabric bag for storage<br \/>\n\u2022 Made in Italy<\/p>\n","protected":false},"featured_media":712836,"template":"","meta":[],"product_brand":[],"product_cat":[460,460],"product_tag":[],"class_list":{"0":"post-712835","1":"product","2":"type-product","3":"status-publish","4":"has-post-thumbnail","6":"product_cat-bags","8":"pa_materials-ada","9":"pa_zimols-gianni-chiarini","11":"first","12":"outofstock","13":"taxable","14":"shipping-taxable","15":"purchasable","16":"product-type-simple"},"_links":{"self":[{"href":"https:\/\/bonbonshoes.eu\/en\/wp-json\/wp\/v2\/product\/712835","targetHints":{"allow":["GET"]}}],"collection":[{"href":"https:\/\/bonbonshoes.eu\/en\/wp-json\/wp\/v2\/product"}],"about":[{"href":"https:\/\/bonbonshoes.eu\/en\/wp-json\/wp\/v2\/types\/product"}],"wp:featuredmedia":[{"embeddable":true,"href":"https:\/\/bonbonshoes.eu\/en\/wp-json\/wp\/v2\/media\/712836"}],"wp:attachment":[{"href":"https:\/\/bonbonshoes.eu\/en\/wp-json\/wp\/v2\/media?parent=712835"}],"wp:term":[{"taxonomy":"product_brand","embeddable":true,"href":"https:\/\/bonbonshoes.eu\/en\/wp-json\/wp\/v2\/product_brand?post=712835"},{"taxonomy":"product_cat","embeddable":true,"href":"https:\/\/bonbonshoes.eu\/en\/wp-json\/wp\/v2\/product_cat?post=712835"},{"taxonomy":"product_tag","embeddable":true,"href":"https:\/\/bonbonshoes.eu\/en\/wp-json\/wp\/v2\/product_tag?post=712835"}],"curies":[{"name":"wp","href":"https:\/\/api.w.org\/{rel}","templated":true}]}}